{"id":3,"date":"2023-05-11T14:27:53","date_gmt":"2023-05-11T14:27:53","guid":{"rendered":"https:\/\/edutophy.it\/?page_id=3"},"modified":"2026-02-12T14:31:13","modified_gmt":"2026-02-12T14:31:13","slug":"privacy-policy","status":"publish","type":"page","link":"https:\/\/edutophy.it\/index.php\/privacy-policy\/","title":{"rendered":"INFORMATIVA SUL TRATTAMENTO DEI DATI PERSONALI"},"content":{"rendered":"\n<p><strong><em>resa ai sensi dell\u2019art. 13 del Regolamento (UE) 2016\/679 (di seguito, \u201cRegolamento o GDPR\u201d) e della normativa nazionale vigente in materia di protezione di dati personali<\/em><\/strong><\/p>\n\n\n\n<p><strong>Titolare del trattamento<\/strong><\/p>\n\n\n\n<p>La societ\u00e0 Edutophy SRL (di seguito, anche il \u201cTitolare\u201d), P. IVA 17168031007&nbsp;con sede legale in Roma (RM) &#8211; Circonvallazione Gianicolense, 302 &#8211; 00152 ROMA, si impegna a proteggere la privacy degli utenti del sito (di seguito anche gli \u201cUtenti\u201d o \u201cInteressati\u201d) e fornisce qui di seguito l&#8217;informativa privacy ai sensi dell&#8217;art. 13 del Regolamento UE 2016\/679 e della normativa nazionale vigente in materia di protezione di dati personali (di seguito anche il &#8220;GDPR&#8221;).<\/p>\n\n\n\n<p><strong>Dati forniti volontariamente<\/strong><\/p>\n\n\n\n<p>Attraverso il sito, l\u2019Utente ha la possibilit\u00e0 di fornire volontariamente dati personali (come il nome, il cognome e l\u2019indirizzo e-mail) per contattare il Titolare attraverso il form \u201cEntra in contatto con noi\u201d. Il Titolare tratter\u00e0 questi dati nel rispetto della normativa applicabile, assumendo che siano riferiti all\u2019Utente o a terzi soggetti che lo hanno espressamente autorizzato a conferirli in base ad un\u2019idonea base giuridica che legittima il trattamento dei dati in questione. Rispetto a tali ipotesi, l\u2019Utente si pone come autonomo titolare del trattamento, assumendosi tutti gli obblighi e le responsabilit\u00e0 di legge.<\/p>\n\n\n\n<p><br><strong>Finalit\u00e0 del trattamento e base giuridica<\/strong><\/p>\n\n\n\n<p>I dati personali degli Utenti saranno trattati lecitamente dal Titolare per le seguenti finalit\u00e0 di trattamento:<br><em>a)<\/em>&nbsp;Evadere la richiesta dell&#8217;Utente. I dati personali degli Utenti sono raccolti e trattati dal Titolare al fine di evadere la richiesta di contatto, presentata sul form \u201cEntra in contatto con noi\u201d oppure tramite email, all\u2019indirizzo fornito.<\/p>\n\n\n\n<p><em>b)<\/em>&nbsp;Finalit\u00e0 relative all\u2019adempimento di un obbligo legale: il trattamento dei dati che l\u2019Utente conferisce pu\u00f2 essere necessario per adempiere ad un obbligo di legge, ad una disposizione regolamentare o ad un ordine delle competenti autorit\u00e0.<\/p>\n\n\n\n<p>La base legale del trattamento di cui al presente articolo \u00e8 la risposta ad una richiesta dell\u2019Interessato e l\u2019evasione da parte del Titolare delle richieste nonch\u00e9 l\u2019adempimento di obblighi di legge cui il Titolare sia tenuto (art. 6.1 lettere b) e c) del GDPR);<\/p>\n\n\n\n<p>Il conferimento dei dati personali per le finalit\u00e0 di trattamento sopra indicate \u00e8 facoltativo ma necessario, poich\u00e9 il mancato conferimento degli stessi comporter\u00e0 l&#8217;impossibilit\u00e0 per l&#8217;Utente di essere contattato.<\/p>\n\n\n\n<p><strong>Ulteriori finalit\u00e0 di trattamento: profilazione<\/strong><\/p>\n\n\n\n<p>Non vengono effettuate attivit\u00e0 di profilazione.<\/p>\n\n\n\n<p><strong>Modalit\u00e0 di trattamento e tempi di conservazione dei dati<\/strong><\/p>\n\n\n\n<p>Il Titolare tratter\u00e0 i dati personali degli Utenti mediante strumenti manuali ed informatici, con logiche strettamente correlate alle finalit\u00e0 stesse e, comunque, in modo da garantire la sicurezza e la riservatezza dei dati stessi.<\/p>\n\n\n\n<p>I dati personali degli Utenti del sito saranno conservati per un arco di tempo non superiore al conseguimento delle finalit\u00e0 per le quali gli stessi sono trattati e comunque non oltre i termini stabiliti dalle normative vigenti.<br><br><strong>Ambito di comunicazione e diffusione dei dati<\/strong><\/p>\n\n\n\n<p>Potranno venire a conoscenza dei dati personali degli Utenti i collaboratori interni ed esterni del Titolare incaricati di gestire il sito e le richieste degli Utenti. Tali soggetti, che sono stati istruiti in tal senso dal Titolare ai sensi dell&#8217;art. 29 del GDPR, tratteranno i dati dell&#8217;Utente esclusivamente per le finalit\u00e0 indicate nella presente informativa e nel rispetto delle previsioni della normativa applicabile.<\/p>\n\n\n\n<p>Potranno inoltre venire a conoscenza dei dati personali degli Utenti i soggetti terzi che potranno trattare dati personali per conto del Titolare in qualit\u00e0 di \u201cResponsabili Esterni del Trattamento\u201d, quali, a titolo esemplificativo, fornitori di servizi informatici e logistici funzionali all&#8217;operativit\u00e0 del sito, fornitori di servizi in outsourcing o cloud computing, professionisti e consulenti.<\/p>\n\n\n\n<p>I dati personali forniti dagli Utenti non vengono trasferiti in paese extra UE.<\/p>\n\n\n\n<p>Gli Utenti hanno il diritto di ottenere una lista degli eventuali responsabili del trattamento nominati dal Titolare, facendone richiesta espressa al Titolare.<\/p>\n\n\n\n<p><strong>Diritti dell\u2019Interessato<\/strong><\/p>\n\n\n\n<p>In relazione ai dati oggetto del trattamento di cui alla presente informativa all\u2019Interessato \u00e8 riconosciuto in qualsiasi momento il diritto di:<\/p>\n\n\n\n<ul class=\"wp-block-list\">\n<li>Accesso (art. 15 Regolamento UE n. 2016\/679);<\/li>\n\n\n\n<li>Rettifica (art. 16 Regolamento UE n. 2016\/679);<\/li>\n\n\n\n<li>Cancellazione (art. 17 Regolamento UE n. 2016\/679);<\/li>\n\n\n\n<li>Limitazione (art. 18 Regolamento UE n. 2016\/679);<\/li>\n\n\n\n<li>Portabilit\u00e0, intesa come diritto ad ottenere dal titolare del trattamento i dati in un formato strutturato di uso comune e leggibile da dispositivo automatico per\u00a0trasmetterli ad un altro titolare del trattamento senza impedimenti (art. 20 Regolamento UE n. 2016\/679);<\/li>\n\n\n\n<li>Opposizione al trattamento (art. 21Regolamento UE n. 2016\/679);<\/li>\n\n\n\n<li>Revoca del consenso al trattamento, senza pregiudizio per la liceit\u00e0 del trattamento basata sul consenso acquisito prima della revoca (art. 7, par. 3 Regolamento UE n. 2016\/679).<\/li>\n<\/ul>\n\n\n\n<p><strong>Reclamo<\/strong><\/p>\n\n\n\n<p>L\u2019Interessato ha diritto anche di proporre reclamo all\u2019Autorit\u00e0 Garante per la protezione dei dati personali ai sensi dell\u2019art.77 del GDPR (https:\/\/www.garanteprivacy.it).<\/p>\n\n\n\n<p><strong>Esercizio dei diritti<\/strong><\/p>\n\n\n\n<p>L\u2019Interessato potr\u00e0 in qualsiasi momento esercitare i diritti a lui attribuiti anche inviando una raccomandata a.r. all\u2019indirizzo della sede legale ovvero una comunicazione scritta al seguente indirizzo email: scrivi@edutophy.it.<\/p>\n\n\n\n<p>Il Titolare provveder\u00e0, anche tramite apposite strutture designate, a prendere in carico la richiesta e a fornire, senza ingiustificato ritardo e comunque, al pi\u00f9 tardi, entro un mese dal ricevimento della stessa, le informazioni relative all\u2019azione intrapresa riguardo alla richiesta.&nbsp;<\/p>\n","protected":false},"excerpt":{"rendered":"<p>resa ai sensi dell\u2019art. 13 del Regolamento (UE) 2016\/679 (di seguito, \u201cRegolamento o GDPR\u201d) e della normativa nazionale vigente in materia di protezione di dati personali Titolare del trattamento La societ\u00e0 Edutophy SRL (di seguito, anche il \u201cTitolare\u201d), P. IVA 17168031007&nbsp;con sede legale in Roma (RM) &#8211; Circonvallazione Gianicolense, 302 &#8211; 00152 ROMA, si impegna [&hellip;]<\/p>\n","protected":false},"author":1,"featured_media":0,"parent":0,"menu_order":0,"comment_status":"closed","ping_status":"closed","template":"","meta":{"footnotes":""},"class_list":["post-3","page","type-page","status-publish","hentry"],"_links":{"self":[{"href":"https:\/\/edutophy.it\/index.php\/wp-json\/wp\/v2\/pages\/3","targetHints":{"allow":["GET"]}}],"collection":[{"href":"https:\/\/edutophy.it\/index.php\/wp-json\/wp\/v2\/pages"}],"about":[{"href":"https:\/\/edutophy.it\/index.php\/wp-json\/wp\/v2\/types\/page"}],"author":[{"embeddable":true,"href":"https:\/\/edutophy.it\/index.php\/wp-json\/wp\/v2\/users\/1"}],"replies":[{"embeddable":true,"href":"https:\/\/edutophy.it\/index.php\/wp-json\/wp\/v2\/comments?post=3"}],"version-history":[{"count":1,"href":"https:\/\/edutophy.it\/index.php\/wp-json\/wp\/v2\/pages\/3\/revisions"}],"predecessor-version":[{"id":2362,"href":"https:\/\/edutophy.it\/index.php\/wp-json\/wp\/v2\/pages\/3\/revisions\/2362"}],"wp:attachment":[{"href":"https:\/\/edutophy.it\/index.php\/wp-json\/wp\/v2\/media?parent=3"}],"curies":[{"name":"wp","href":"https:\/\/api.w.org\/{rel}","templated":true}]}}